{"id":8,"date":"2023-02-23T22:27:05","date_gmt":"2023-02-24T01:27:05","guid":{"rendered":"http:\/\/comprocarrobatido.com.br\/?page_id=8"},"modified":"2023-06-19T11:36:14","modified_gmt":"2023-06-19T14:36:14","slug":"leopardo-veiculos","status":"publish","type":"page","link":"http:\/\/comprocarrobatido.com.br\/index.php\/leopardo-veiculos\/","title":{"rendered":"Leopardo Ve\u00edculos (01) &#8211; WHATSAPP -*** 11 94190-2544 *** VIVIANE"},"content":{"rendered":"\t\t<div data-elementor-type=\"wp-page\" data-elementor-id=\"8\" class=\"elementor elementor-8\">\n\t\t\t\t\t\t\t\t\t<section class=\"elementor-section elementor-top-section elementor-element elementor-element-8bab46a elementor-section-boxed elementor-section-height-default elementor-section-height-default\" data-id=\"8bab46a\" data-element_type=\"section\">\n\t\t\t\t\t\t<div class=\"elementor-container elementor-column-gap-default\">\n\t\t\t\t\t<div class=\"elementor-column elementor-col-100 elementor-top-column elementor-element elementor-element-661cdbd\" data-id=\"661cdbd\" data-element_type=\"column\">\n\t\t\t<div class=\"elementor-widget-wrap elementor-element-populated\">\n\t\t\t\t\t\t\t\t<div class=\"elementor-element elementor-element-9b951b1 elementor-widget elementor-widget-image\" data-id=\"9b951b1\" data-element_type=\"widget\" data-widget_type=\"image.default\">\n\t\t\t\t<div class=\"elementor-widget-container\">\n\t\t\t<style>\/*! elementor - v3.11.2 - 22-02-2023 *\/\n.elementor-widget-image{text-align:center}.elementor-widget-image a{display:inline-block}.elementor-widget-image a img[src$=\".svg\"]{width:48px}.elementor-widget-image img{vertical-align:middle;display:inline-block}<\/style>\t\t\t\t\t\t\t\t\t\t\t\t<img loading=\"lazy\" decoding=\"async\" width=\"300\" height=\"100\" src=\"http:\/\/comprocarrobatido.com.br\/wp-content\/uploads\/2023\/06\/logo-leopardo-veiculos-300x100.jpg\" class=\"attachment-medium size-medium wp-image-219\" alt=\"\" srcset=\"http:\/\/comprocarrobatido.com.br\/wp-content\/uploads\/2023\/06\/logo-leopardo-veiculos-300x100.jpg 300w, http:\/\/comprocarrobatido.com.br\/wp-content\/uploads\/2023\/06\/logo-leopardo-veiculos.jpg 326w\" sizes=\"auto, (max-width: 300px) 100vw, 300px\" \/>\t\t\t\t\t\t\t\t\t\t\t\t\t\t\t<\/div>\n\t\t\t\t<\/div>\n\t\t\t\t\t<\/div>\n\t\t<\/div>\n\t\t\t\t\t\t\t<\/div>\n\t\t<\/section>\n\t\t\t\t<section class=\"elementor-section elementor-top-section elementor-element elementor-element-4a87cfd elementor-section-full_width elementor-section-height-default elementor-section-height-default\" data-id=\"4a87cfd\" data-element_type=\"section\" data-settings=\"{&quot;background_background&quot;:&quot;gradient&quot;}\">\n\t\t\t\t\t\t<div class=\"elementor-container elementor-column-gap-default\">\n\t\t\t\t\t<div class=\"elementor-column elementor-col-100 elementor-top-column elementor-element elementor-element-19e7a14\" data-id=\"19e7a14\" data-element_type=\"column\">\n\t\t\t<div class=\"elementor-widget-wrap elementor-element-populated\">\n\t\t\t\t\t\t\t\t<div class=\"elementor-element elementor-element-0c3f17d elementor-widget elementor-widget-spacer\" data-id=\"0c3f17d\" data-element_type=\"widget\" data-widget_type=\"spacer.default\">\n\t\t\t\t<div class=\"elementor-widget-container\">\n\t\t\t<style>\/*! elementor - v3.11.2 - 22-02-2023 *\/\n.elementor-column .elementor-spacer-inner{height:var(--spacer-size)}.e-con{--container-widget-width:100%}.e-con-inner>.elementor-widget-spacer,.e-con>.elementor-widget-spacer{width:var(--container-widget-width,var(--spacer-size));--align-self:var(--container-widget-align-self,initial);--flex-shrink:0}.e-con-inner>.elementor-widget-spacer>.elementor-widget-container,.e-con-inner>.elementor-widget-spacer>.elementor-widget-container>.elementor-spacer,.e-con>.elementor-widget-spacer>.elementor-widget-container,.e-con>.elementor-widget-spacer>.elementor-widget-container>.elementor-spacer{height:100%}.e-con-inner>.elementor-widget-spacer>.elementor-widget-container>.elementor-spacer>.elementor-spacer-inner,.e-con>.elementor-widget-spacer>.elementor-widget-container>.elementor-spacer>.elementor-spacer-inner{height:var(--container-widget-height,var(--spacer-size))}<\/style>\t\t<div class=\"elementor-spacer\">\n\t\t\t<div class=\"elementor-spacer-inner\"><\/div>\n\t\t<\/div>\n\t\t\t\t<\/div>\n\t\t\t\t<\/div>\n\t\t\t\t<div class=\"elementor-element elementor-element-c56b489 elementor-widget elementor-widget-heading\" data-id=\"c56b489\" data-element_type=\"widget\" data-settings=\"{&quot;_animation_mobile&quot;:&quot;fadeInDown&quot;}\" data-widget_type=\"heading.default\">\n\t\t\t\t<div class=\"elementor-widget-container\">\n\t\t\t<style>\/*! elementor - v3.11.2 - 22-02-2023 *\/\n.elementor-heading-title{padding:0;margin:0;line-height:1}.elementor-widget-heading .elementor-heading-title[class*=elementor-size-]>a{color:inherit;font-size:inherit;line-height:inherit}.elementor-widget-heading .elementor-heading-title.elementor-size-small{font-size:15px}.elementor-widget-heading .elementor-heading-title.elementor-size-medium{font-size:19px}.elementor-widget-heading .elementor-heading-title.elementor-size-large{font-size:29px}.elementor-widget-heading .elementor-heading-title.elementor-size-xl{font-size:39px}.elementor-widget-heading .elementor-heading-title.elementor-size-xxl{font-size:59px}<\/style><h2 class=\"elementor-heading-title elementor-size-default\">Ol\u00e1, para saber mais sobre o ve\u00edculo, clique no bot\u00e3o abaixo e FALE COM NOSSO ATENDIMENTO.<\/h2>\t\t<\/div>\n\t\t\t\t<\/div>\n\t\t\t\t<div class=\"elementor-element elementor-element-ff23446 elementor-widget elementor-widget-image\" data-id=\"ff23446\" data-element_type=\"widget\" data-widget_type=\"image.default\">\n\t\t\t\t<div class=\"elementor-widget-container\">\n\t\t\t\t\t\t\t\t\t\t\t\t\t\t\t\t<a href=\"https:\/\/api.whatsapp.com\/send?phone=5511941902544&#038;text=Ol%C3%A1,%20gostaria%20de%20mais%20informa%C3%A7%C3%B5es%20sobre%20ve%C3%ADculo%20anunciado%20no%20Facebook%20\/%20Instagram.\" target=\"_blank\">\n\t\t\t\t\t\t\t<img loading=\"lazy\" decoding=\"async\" width=\"300\" height=\"104\" src=\"http:\/\/comprocarrobatido.com.br\/wp-content\/uploads\/2023\/06\/btn-lg-whatsapp-300x104.png\" class=\"elementor-animation-pulse attachment-medium size-medium wp-image-220\" alt=\"\" srcset=\"http:\/\/comprocarrobatido.com.br\/wp-content\/uploads\/2023\/06\/btn-lg-whatsapp-300x104.png 300w, http:\/\/comprocarrobatido.com.br\/wp-content\/uploads\/2023\/06\/btn-lg-whatsapp.png 738w\" sizes=\"auto, (max-width: 300px) 100vw, 300px\" \/>\t\t\t\t\t\t\t\t<\/a>\n\t\t\t\t\t\t\t\t\t\t\t\t\t\t\t<\/div>\n\t\t\t\t<\/div>\n\t\t\t\t<div class=\"elementor-element elementor-element-d2f46d1 elementor-widget elementor-widget-spacer\" data-id=\"d2f46d1\" data-element_type=\"widget\" data-widget_type=\"spacer.default\">\n\t\t\t\t<div class=\"elementor-widget-container\">\n\t\t\t\t\t<div class=\"elementor-spacer\">\n\t\t\t<div class=\"elementor-spacer-inner\"><\/div>\n\t\t<\/div>\n\t\t\t\t<\/div>\n\t\t\t\t<\/div>\n\t\t\t\t\t<\/div>\n\t\t<\/div>\n\t\t\t\t\t\t\t<\/div>\n\t\t<\/section>\n\t\t\t\t<section class=\"elementor-section elementor-top-section elementor-element elementor-element-04fa3df elementor-section-full_width elementor-section-height-default elementor-section-height-default\" data-id=\"04fa3df\" data-element_type=\"section\" data-settings=\"{&quot;background_background&quot;:&quot;classic&quot;}\">\n\t\t\t\t\t\t<div class=\"elementor-container elementor-column-gap-default\">\n\t\t\t\t\t<div class=\"elementor-column elementor-col-100 elementor-top-column elementor-element elementor-element-e932d3d\" data-id=\"e932d3d\" data-element_type=\"column\">\n\t\t\t<div class=\"elementor-widget-wrap elementor-element-populated\">\n\t\t\t\t\t\t\t\t<div class=\"elementor-element elementor-element-5d3d216 elementor-widget elementor-widget-spacer\" data-id=\"5d3d216\" data-element_type=\"widget\" data-widget_type=\"spacer.default\">\n\t\t\t\t<div class=\"elementor-widget-container\">\n\t\t\t\t\t<div class=\"elementor-spacer\">\n\t\t\t<div class=\"elementor-spacer-inner\"><\/div>\n\t\t<\/div>\n\t\t\t\t<\/div>\n\t\t\t\t<\/div>\n\t\t\t\t<div class=\"elementor-element elementor-element-fb02696 elementor-widget elementor-widget-heading\" data-id=\"fb02696\" data-element_type=\"widget\" data-widget_type=\"heading.default\">\n\t\t\t\t<div class=\"elementor-widget-container\">\n\t\t\t<h2 class=\"elementor-heading-title elementor-size-default\">rua camacam, 700 - vila anast\u00e1cio\nsp - s\u00e3o paulo - cep 05095-000<\/h2>\t\t<\/div>\n\t\t\t\t<\/div>\n\t\t\t\t<div class=\"elementor-element elementor-element-21cb58a elementor-widget elementor-widget-spacer\" data-id=\"21cb58a\" data-element_type=\"widget\" data-widget_type=\"spacer.default\">\n\t\t\t\t<div class=\"elementor-widget-container\">\n\t\t\t\t\t<div class=\"elementor-spacer\">\n\t\t\t<div class=\"elementor-spacer-inner\"><\/div>\n\t\t<\/div>\n\t\t\t\t<\/div>\n\t\t\t\t<\/div>\n\t\t\t\t\t<\/div>\n\t\t<\/div>\n\t\t\t\t\t\t\t<\/div>\n\t\t<\/section>\n\t\t\t\t<section class=\"elementor-section elementor-top-section elementor-element elementor-element-e7c2f02 elementor-section-boxed elementor-section-height-default elementor-section-height-default\" data-id=\"e7c2f02\" data-element_type=\"section\">\n\t\t\t\t\t\t<div class=\"elementor-container elementor-column-gap-default\">\n\t\t\t\t\t<div class=\"elementor-column elementor-col-100 elementor-top-column elementor-element elementor-element-159259e\" data-id=\"159259e\" data-element_type=\"column\">\n\t\t\t<div class=\"elementor-widget-wrap elementor-element-populated\">\n\t\t\t\t\t\t\t\t<div class=\"elementor-element elementor-element-f844850 elementor-widget elementor-widget-shortcode\" data-id=\"f844850\" data-element_type=\"widget\" data-widget_type=\"shortcode.default\">\n\t\t\t\t<div class=\"elementor-widget-container\">\n\t\t\t\t\t<div class=\"elementor-shortcode\"><!-- HFCM by 99 Robots - Snippet # 1: KeyWords -->\n<meta name=\"keywords\" content=\"caminh\u00e3o batido, compro carro blindado, Compro carros m\u00e9dia monta, caminh\u00f5es batidos, carros pequena monta, carros grande monta, Compro carros sucata, Compro ve\u00edculos m\u00e9dia monta, carros m\u00e9dia monta, Ve\u00edculos m\u00e9dia monta, batidos vans, caminhonetes batidas, vans batidas, Compro carros batidos, Compro ve\u00edculos grande monta, Compro carros de enchente, Compro carros pequena monta, Compro ve\u00edculos recuperados de furto, Compro carros recuperados de furto, Ve\u00edculos grande monta, Compro ve\u00edculos recuperados de enchente, caminhonete batida, carros batidos, carros recuperados de enchente, Compro carros grande monta, enchente carro, van batida, Ve\u00edculos batidos, Compro ve\u00edculos pequena monta, batidos ve\u00edculos, Compro carros queimados, sucata carro, batido carro, batido veiculo, Compro carros recuperados de enchente, Compro ve\u00edculos batidos, Ve\u00edculos recuperados de enchente, batidos carros, batido caminh\u00e3o, Compro ve\u00edculos de enchente, Compro ve\u00edculos queimados, Compro ve\u00edculos sucata, compro veiculo blindado, Ve\u00edculos pequena monta\">\n<!-- \/end HFCM by 99 Robots -->\n<\/div>\n\t\t\t\t<\/div>\n\t\t\t\t<\/div>\n\t\t\t\t\t<\/div>\n\t\t<\/div>\n\t\t\t\t\t\t\t<\/div>\n\t\t<\/section>\n\t\t\t\t\t\t\t<\/div>\n\t\t","protected":false},"excerpt":{"rendered":"<p>Ol\u00e1, para saber mais sobre o ve\u00edculo, clique no bot\u00e3o abaixo e FALE COM NOSSO ATENDIMENTO. rua camacam, 700 &#8211; vila anast\u00e1cio sp &#8211; s\u00e3o paulo &#8211; cep 05095-000<\/p>\n","protected":false},"author":1,"featured_media":0,"parent":0,"menu_order":0,"comment_status":"closed","ping_status":"closed","template":"elementor_canvas","meta":{"footnotes":""},"class_list":["post-8","page","type-page","status-publish","hentry"],"yoast_head":"<!-- This site is optimized with the Yoast SEO plugin v20.2.1 - https:\/\/yoast.com\/wordpress\/plugins\/seo\/ -->\n<title>Leopardo Ve\u00edculos (01) - WHATSAPP -*** 11 94190-2544 *** VIVIANE - Leopardo Ve\u00edculos Batidos<\/title>\n<meta name=\"robots\" content=\"index, follow, max-snippet:-1, max-image-preview:large, max-video-preview:-1\" \/>\n<link rel=\"canonical\" href=\"http:\/\/comprocarrobatido.com.br\/index.php\/leopardo-veiculos\/\" \/>\n<meta property=\"og:locale\" content=\"pt_BR\" \/>\n<meta property=\"og:type\" content=\"article\" \/>\n<meta property=\"og:title\" content=\"Leopardo Ve\u00edculos (01) - WHATSAPP -*** 11 94190-2544 *** VIVIANE - Leopardo Ve\u00edculos Batidos\" \/>\n<meta property=\"og:description\" content=\"Ol\u00e1, para saber mais sobre o ve\u00edculo, clique no bot\u00e3o abaixo e FALE COM NOSSO ATENDIMENTO. rua camacam, 700 &#8211; vila anast\u00e1cio sp &#8211; s\u00e3o paulo &#8211; cep 05095-000\" \/>\n<meta property=\"og:url\" content=\"http:\/\/comprocarrobatido.com.br\/index.php\/leopardo-veiculos\/\" \/>\n<meta property=\"og:site_name\" content=\"Leopardo Ve\u00edculos Batidos\" \/>\n<meta property=\"article:modified_time\" content=\"2023-06-19T14:36:14+00:00\" \/>\n<meta property=\"og:image\" content=\"http:\/\/comprocarrobatido.com.br\/wp-content\/uploads\/2023\/06\/logo-leopardo-veiculos-300x100.jpg\" \/>\n<meta name=\"twitter:card\" content=\"summary_large_image\" \/>\n<meta name=\"twitter:label1\" content=\"Est. tempo de leitura\" \/>\n\t<meta name=\"twitter:data1\" content=\"1 minuto\" \/>\n<script type=\"application\/ld+json\" class=\"yoast-schema-graph\">{\"@context\":\"https:\/\/schema.org\",\"@graph\":[{\"@type\":\"WebPage\",\"@id\":\"http:\/\/comprocarrobatido.com.br\/index.php\/leopardo-veiculos\/\",\"url\":\"http:\/\/comprocarrobatido.com.br\/index.php\/leopardo-veiculos\/\",\"name\":\"Leopardo Ve\u00edculos (01) - WHATSAPP -*** 11 94190-2544 *** VIVIANE - Leopardo Ve\u00edculos Batidos\",\"isPartOf\":{\"@id\":\"https:\/\/comprocarrobatido.com.br\/#website\"},\"datePublished\":\"2023-02-24T01:27:05+00:00\",\"dateModified\":\"2023-06-19T14:36:14+00:00\",\"breadcrumb\":{\"@id\":\"http:\/\/comprocarrobatido.com.br\/index.php\/leopardo-veiculos\/#breadcrumb\"},\"inLanguage\":\"pt-BR\",\"potentialAction\":[{\"@type\":\"ReadAction\",\"target\":[\"http:\/\/comprocarrobatido.com.br\/index.php\/leopardo-veiculos\/\"]}]},{\"@type\":\"BreadcrumbList\",\"@id\":\"http:\/\/comprocarrobatido.com.br\/index.php\/leopardo-veiculos\/#breadcrumb\",\"itemListElement\":[{\"@type\":\"ListItem\",\"position\":1,\"name\":\"In\u00edcio\",\"item\":\"http:\/\/comprocarrobatido.com.br\/\"},{\"@type\":\"ListItem\",\"position\":2,\"name\":\"Leopardo Ve\u00edculos (01) &#8211; WHATSAPP -*** 11 94190-2544 *** VIVIANE\"}]},{\"@type\":\"WebSite\",\"@id\":\"https:\/\/comprocarrobatido.com.br\/#website\",\"url\":\"https:\/\/comprocarrobatido.com.br\/\",\"name\":\"Compro Ve\u00edculos Batidos\",\"description\":\"Compro Ve\u00edculos Batidos\",\"alternateName\":\"LEOPARDO VEICULOS BATIDOS\",\"potentialAction\":[{\"@type\":\"SearchAction\",\"target\":{\"@type\":\"EntryPoint\",\"urlTemplate\":\"https:\/\/comprocarrobatido.com.br\/?s={search_term_string}\"},\"query-input\":\"required name=search_term_string\"}],\"inLanguage\":\"pt-BR\"}]}<\/script>\n<!-- \/ Yoast SEO plugin. -->","yoast_head_json":{"title":"Leopardo Ve\u00edculos (01) - WHATSAPP -*** 11 94190-2544 *** VIVIANE - Leopardo Ve\u00edculos Batidos","robots":{"index":"index","follow":"follow","max-snippet":"max-snippet:-1","max-image-preview":"max-image-preview:large","max-video-preview":"max-video-preview:-1"},"canonical":"http:\/\/comprocarrobatido.com.br\/index.php\/leopardo-veiculos\/","og_locale":"pt_BR","og_type":"article","og_title":"Leopardo Ve\u00edculos (01) - WHATSAPP -*** 11 94190-2544 *** VIVIANE - Leopardo Ve\u00edculos Batidos","og_description":"Ol\u00e1, para saber mais sobre o ve\u00edculo, clique no bot\u00e3o abaixo e FALE COM NOSSO ATENDIMENTO. rua camacam, 700 &#8211; vila anast\u00e1cio sp &#8211; s\u00e3o paulo &#8211; cep 05095-000","og_url":"http:\/\/comprocarrobatido.com.br\/index.php\/leopardo-veiculos\/","og_site_name":"Leopardo Ve\u00edculos Batidos","article_modified_time":"2023-06-19T14:36:14+00:00","og_image":[{"url":"http:\/\/comprocarrobatido.com.br\/wp-content\/uploads\/2023\/06\/logo-leopardo-veiculos-300x100.jpg"}],"twitter_card":"summary_large_image","twitter_misc":{"Est. tempo de leitura":"1 minuto"},"schema":{"@context":"https:\/\/schema.org","@graph":[{"@type":"WebPage","@id":"http:\/\/comprocarrobatido.com.br\/index.php\/leopardo-veiculos\/","url":"http:\/\/comprocarrobatido.com.br\/index.php\/leopardo-veiculos\/","name":"Leopardo Ve\u00edculos (01) - WHATSAPP -*** 11 94190-2544 *** VIVIANE - Leopardo Ve\u00edculos Batidos","isPartOf":{"@id":"https:\/\/comprocarrobatido.com.br\/#website"},"datePublished":"2023-02-24T01:27:05+00:00","dateModified":"2023-06-19T14:36:14+00:00","breadcrumb":{"@id":"http:\/\/comprocarrobatido.com.br\/index.php\/leopardo-veiculos\/#breadcrumb"},"inLanguage":"pt-BR","potentialAction":[{"@type":"ReadAction","target":["http:\/\/comprocarrobatido.com.br\/index.php\/leopardo-veiculos\/"]}]},{"@type":"BreadcrumbList","@id":"http:\/\/comprocarrobatido.com.br\/index.php\/leopardo-veiculos\/#breadcrumb","itemListElement":[{"@type":"ListItem","position":1,"name":"In\u00edcio","item":"http:\/\/comprocarrobatido.com.br\/"},{"@type":"ListItem","position":2,"name":"Leopardo Ve\u00edculos (01) &#8211; WHATSAPP -*** 11 94190-2544 *** VIVIANE"}]},{"@type":"WebSite","@id":"https:\/\/comprocarrobatido.com.br\/#website","url":"https:\/\/comprocarrobatido.com.br\/","name":"Compro Ve\u00edculos Batidos","description":"Compro Ve\u00edculos Batidos","alternateName":"LEOPARDO VEICULOS BATIDOS","potentialAction":[{"@type":"SearchAction","target":{"@type":"EntryPoint","urlTemplate":"https:\/\/comprocarrobatido.com.br\/?s={search_term_string}"},"query-input":"required name=search_term_string"}],"inLanguage":"pt-BR"}]}},"_links":{"self":[{"href":"http:\/\/comprocarrobatido.com.br\/index.php\/wp-json\/wp\/v2\/pages\/8","targetHints":{"allow":["GET"]}}],"collection":[{"href":"http:\/\/comprocarrobatido.com.br\/index.php\/wp-json\/wp\/v2\/pages"}],"about":[{"href":"http:\/\/comprocarrobatido.com.br\/index.php\/wp-json\/wp\/v2\/types\/page"}],"author":[{"embeddable":true,"href":"http:\/\/comprocarrobatido.com.br\/index.php\/wp-json\/wp\/v2\/users\/1"}],"replies":[{"embeddable":true,"href":"http:\/\/comprocarrobatido.com.br\/index.php\/wp-json\/wp\/v2\/comments?post=8"}],"version-history":[{"count":177,"href":"http:\/\/comprocarrobatido.com.br\/index.php\/wp-json\/wp\/v2\/pages\/8\/revisions"}],"predecessor-version":[{"id":236,"href":"http:\/\/comprocarrobatido.com.br\/index.php\/wp-json\/wp\/v2\/pages\/8\/revisions\/236"}],"wp:attachment":[{"href":"http:\/\/comprocarrobatido.com.br\/index.php\/wp-json\/wp\/v2\/media?parent=8"}],"curies":[{"name":"wp","href":"https:\/\/api.w.org\/{rel}","templated":true}]}}